{"id":14626,"date":"2022-05-14T18:09:36","date_gmt":"2022-05-14T15:09:36","guid":{"rendered":"https:\/\/qualityclean.md\/?page_id=14626"},"modified":"2025-08-12T08:05:10","modified_gmt":"2025-08-12T05:05:10","slug":"preturi-la-serviciile","status":"publish","type":"page","link":"https:\/\/qualityclean.md\/ro\/preturi-la-serviciile\/","title":{"rendered":"Pre\u021buri la serviciile"},"content":{"rendered":"<div id=\"cmsmasters_row_b90c9aa759\" class=\"cmsmasters_row cmsmasters_color_scheme_default cmsmasters_row_top_default cmsmasters_row_bot_default cmsmasters_row_boxed\">\n<div class=\"cmsmasters_row_outer_parent\">\n<div class=\"cmsmasters_row_outer\">\n<div class=\"cmsmasters_row_inner\">\n<div class=\"cmsmasters_row_margin\">\n<div id=\"cmsmasters_column_6d592ddaa4\" class=\"cmsmasters_column one_first\">\n<div class=\"cmsmasters_column_inner\"><div id=\"cmsmasters_heading_3f417d8294\" class=\"cmsmasters_heading_wrap cmsmasters_heading_align_center\">\n\t<h4 class=\"cmsmasters_heading\">Pre\u021buri la serviciile<\/h4>\n<\/div><div id=\"cmsmasters_heading_e622164b57\" class=\"cmsmasters_heading_wrap cmsmasters_heading_align_center\">\n\t<h2 class=\"cmsmasters_heading\">Cur\u0103\u021b\u0103torie chimic\u0103 a covoarelor \u00een nordul Moldovei<\/h2>\n<\/div><div class=\"cmsmasters_text\">\n<p style=\"text-align: center;\"><span style=\"color: #575d65;\">Sp\u0103larea covoarelor pe echipamente profesionale &#8211; atent \u0219i eficient<\/span><\/p>\n<\/div>\n<\/div><\/div>\n<\/div>\n<\/div>\n<div class=\"cmsmasters_row_inner\">\n<div class=\"cmsmasters_row_margin\">\n<div id=\"cmsmasters_column_32da9150eb\" class=\"cmsmasters_column one_fourth\">\n<div class=\"cmsmasters_column_inner\"><\/div><\/div>\n<div id=\"cmsmasters_column_e7f3c58be1\" class=\"cmsmasters_column one_fourth\">\n<div class=\"cmsmasters_column_inner\"><div class=\"cmsmasters_pricing_table pricing_one\">\n<div id=\"cmsmasters_pricing_item_xxpjor26f\" class=\"cmsmasters_pricing_item pricing_best\">\n<div class=\"cmsmasters_pricing_item_inner\">\n<h2 class=\"pricing_title\">Pret metru patrat<\/h2>\n<ul class=\"feature_list\">\n<li>Cur\u0103\u021bare covoare pe echipamente profesionale \u00eentr-un atelier specializat<\/li>\n<\/ul>\n<div class=\"cmsmasters_price_wrap\">\n<span class=\"cmsmasters_currency\"> <\/span>\n<span class=\"cmsmasters_price\">45 mdl<\/span>\n<\/div>\n<\/div>\n<\/div>\n<\/div>\n<\/div><\/div>\n<div id=\"cmsmasters_column_b4c7f1e168\" class=\"cmsmasters_column one_fourth\">\n<div class=\"cmsmasters_column_inner\"><div class=\"cmsmasters_pricing_table pricing_one\">\n<div id=\"cmsmasters_pricing_item_qlwu6b3isn\" class=\"cmsmasters_pricing_item pricing_best\">\n<div class=\"cmsmasters_pricing_item_inner\">\n<h2 class=\"pricing_title\">Livrare GRATUITA<\/h2>\n<ul class=\"feature_list\">\n<li>Livrarea de covoare curate pentru clien\u021bii no\u0219tri este \u00eentotdeauna GRATUITA!<\/li>\n<\/ul>\n<div class=\"cmsmasters_price_wrap\">\n<span class=\"cmsmasters_currency\"> <\/span>\n<span class=\"cmsmasters_price\"> 0 mdl<\/span>\n<\/div>\n<\/div>\n<\/div>\n<\/div>\n<\/div><\/div>\n<div id=\"cmsmasters_column_d3f541689c\" class=\"cmsmasters_column one_fourth\">\n<div class=\"cmsmasters_column_inner\"><\/div><\/div>\n<\/div>\n<\/div>\n<\/div>\n<\/div>\n<\/div>\n<div id=\"cmsmasters_row_a1a5feb727\" class=\"cmsmasters_row cmsmasters_color_scheme_default cmsmasters_row_top_default cmsmasters_row_bot_default cmsmasters_row_fullwidth\">\n<div class=\"cmsmasters_row_outer_parent\">\n<div class=\"cmsmasters_row_outer\">\n<div class=\"cmsmasters_row_inner cmsmasters_row_fullwidth cmsmasters_row_no_margin\">\n<div class=\"cmsmasters_row_margin cmsmasters_row_columns_behavior\">\n<div id=\"cmsmasters_column_c79097f068\" class=\"cmsmasters_column two_third\">\n<div class=\"cmsmasters_column_inner\"><\/div><\/div>\n<div id=\"cmsmasters_column_8d9492db99\" class=\"cmsmasters_column one_third\">\n<div class=\"cmsmasters_column_inner\"><div id=\"cmsmasters_heading_e3e882e10e\" class=\"cmsmasters_heading_wrap cmsmasters_heading_align_left\">\n\t<h4 class=\"cmsmasters_heading\">Serviciile noastre<\/h4>\n<\/div><div id=\"cmsmasters_heading_99e6ac7e26\" class=\"cmsmasters_heading_wrap cmsmasters_heading_align_left\">\n\t<h2 class=\"cmsmasters_heading\">Ob\u021bine\u021bi o reducere de 10%<\/h2>\n<\/div><div class=\"cmsmasters_text\">\n<p><span style=\"color: #ffffff;\">Cooperarea cu compania de cur\u0103\u021benie QualityClean \u00een cur\u0103\u021barea unei case sau cabane nu \u00eenseamn\u0103 doar economisirea de timp \u0219i efort, ci \u0219i un rezultat str\u0103lucitor care va \u00eenc\u00e2nta to\u021bi membrii familiei. <\/span><\/p>\n<\/div>\n<div id=\"cmsmasters_divider_a1111a34fc\" class=\"cl\"><\/div>\n<div id=\"cmsmasters_button_a05620db9b\" class=\"button_wrap\"><a href=\"https:\/\/qualityclean.md\/ro\/contacte\/\" class=\"cmsmasters_button\"><span>contacte<\/span><\/a><\/div>\n<\/div><\/div>\n<\/div>\n<\/div>\n<\/div>\n<\/div>\n<\/div>\n<div id=\"cmsmasters_row_03be2a3f4b\" class=\"cmsmasters_row cmsmasters_color_scheme_default cmsmasters_row_top_default cmsmasters_row_bot_default cmsmasters_row_boxed\">\n<div class=\"cmsmasters_row_outer_parent\">\n<div class=\"cmsmasters_row_outer\">\n<div class=\"cmsmasters_row_inner\">\n<div class=\"cmsmasters_row_margin\">\n<div id=\"cmsmasters_column_9156ed6655\" class=\"cmsmasters_column one_first\">\n<div class=\"cmsmasters_column_inner\"><div class=\"cmsmasters_clients_slider_wrap\">\n<div id=\"cmsmasters_clients_40d491dc30\" class=\"cmsmasters_owl_slider owl-carousel cmsmasters_clients_slider\" data-items=\"5\" data-single-item=\"false\" data-auto-play=\"5000\" data-slide-speed=\"1000\" data-pagination-speed=\"1000\" data-pagination=\"false\" data-navigation=\"false\"><div class=\"cmsmasters_clients_item item cmsmasters_owl_slider_item\"><img decoding=\"async\" src=\"https:\/\/qualityclean.md\/wp-content\/uploads\/2018\/01\/8-4.png\" alt=\"Carpet Cleaning Mandurah\" title=\"Carpet Cleaning Mandurah\" \/><\/div><div class=\"cmsmasters_clients_item item cmsmasters_owl_slider_item\"><img decoding=\"async\" src=\"https:\/\/qualityclean.md\/wp-content\/uploads\/2018\/01\/9-4.png\" alt=\"We Clean It\" title=\"We Clean It\" \/><\/div><div class=\"cmsmasters_clients_item item cmsmasters_owl_slider_item\"><img decoding=\"async\" src=\"https:\/\/qualityclean.md\/wp-content\/uploads\/2018\/01\/10-4.png\" alt=\"ClearView\" title=\"ClearView\" \/><\/div><div class=\"cmsmasters_clients_item item cmsmasters_owl_slider_item\"><img decoding=\"async\" src=\"https:\/\/qualityclean.md\/wp-content\/uploads\/2018\/01\/11-4.png\" alt=\"Uber Cleaner\" title=\"Uber Cleaner\" \/><\/div><div class=\"cmsmasters_clients_item item cmsmasters_owl_slider_item\"><img decoding=\"async\" src=\"https:\/\/qualityclean.md\/wp-content\/uploads\/2018\/01\/12-4.png\" alt=\"City Central\" title=\"City Central\" \/><\/div><\/div>\n<\/div>\n<\/div><\/div>\n<\/div>\n<\/div>\n<\/div>\n<\/div>\n<\/div>\n\n","protected":false},"excerpt":{"rendered":"Pre\u021buri la serviciile Cur\u0103\u021b\u0103torie chimic\u0103 a covoarelor \u00een nordul Moldovei Sp\u0103larea covoarelor pe echipamente profesionale - atent \u0219i eficient Pret metru patrat Cur\u0103\u021bare covoare pe echipamente profesionale \u00eentr-un atelier specializat 45 mdl Livrare GRATUITA Livrarea de covoare curate pentru clien\u021bii no\u0219tri este \u00eentotdeauna GRATUITA! 0 mdl Serviciile noastre Ob\u021bine\u021bi o reducere de 10% Cooperarea cu...","protected":false},"author":1,"featured_media":0,"parent":0,"menu_order":0,"comment_status":"closed","ping_status":"closed","template":"","meta":{"footnotes":""},"class_list":["post-14626","page","type-page","status-publish","hentry"],"aioseo_notices":[],"_links":{"self":[{"href":"https:\/\/qualityclean.md\/ro\/wp-json\/wp\/v2\/pages\/14626","targetHints":{"allow":["GET"]}}],"collection":[{"href":"https:\/\/qualityclean.md\/ro\/wp-json\/wp\/v2\/pages"}],"about":[{"href":"https:\/\/qualityclean.md\/ro\/wp-json\/wp\/v2\/types\/page"}],"author":[{"embeddable":true,"href":"https:\/\/qualityclean.md\/ro\/wp-json\/wp\/v2\/users\/1"}],"replies":[{"embeddable":true,"href":"https:\/\/qualityclean.md\/ro\/wp-json\/wp\/v2\/comments?post=14626"}],"version-history":[{"count":18,"href":"https:\/\/qualityclean.md\/ro\/wp-json\/wp\/v2\/pages\/14626\/revisions"}],"predecessor-version":[{"id":14787,"href":"https:\/\/qualityclean.md\/ro\/wp-json\/wp\/v2\/pages\/14626\/revisions\/14787"}],"wp:attachment":[{"href":"https:\/\/qualityclean.md\/ro\/wp-json\/wp\/v2\/media?parent=14626"}],"curies":[{"name":"wp","href":"https:\/\/api.w.org\/{rel}","templated":true}]}}