{"id":14640,"date":"2022-05-14T18:24:33","date_gmt":"2022-05-14T15:24:33","guid":{"rendered":"https:\/\/qualityclean.md\/?page_id=14640"},"modified":"2023-05-17T13:59:56","modified_gmt":"2023-05-17T10:59:56","slug":"serviciile","status":"publish","type":"page","link":"https:\/\/qualityclean.md\/ro\/serviciile\/","title":{"rendered":"Serviciile"},"content":{"rendered":"<div id=\"cmsmasters_row_5be0d9cf95\" class=\"cmsmasters_row cmsmasters_color_scheme_default cmsmasters_row_top_default cmsmasters_row_bot_default cmsmasters_row_boxed\">\n<div class=\"cmsmasters_row_outer_parent\">\n<div class=\"cmsmasters_row_outer\">\n<div class=\"cmsmasters_row_inner\">\n<div class=\"cmsmasters_row_margin\">\n<div id=\"cmsmasters_column_2a173ade25\" class=\"cmsmasters_column one_first\">\n<div class=\"cmsmasters_column_inner\"><div id=\"cmsmasters_heading_91ba6a9b9a\" class=\"cmsmasters_heading_wrap cmsmasters_heading_align_center\">\n\t<h4 class=\"cmsmasters_heading\">Serviciile<\/h4>\n<\/div><div id=\"cmsmasters_heading_51df0b7692\" class=\"cmsmasters_heading_wrap cmsmasters_heading_align_center\">\n\t<h2 class=\"cmsmasters_heading\">Mai multe despre serviciile noastre<\/h2>\n<\/div>\n<div class=\"cmsmasters_posts_slider cmsmasters_posts_slider_type_post\" >\r\n\t\t<div id=\"cmsmasters_slider_f834ltkje8\" class=\"cmsmasters_owl_slider owl-carousel\" data-items=\"4\" data-single-item=\"false\" data-auto-play=\"5000\"><div class=\"cmsmasters_owl_slider_item\"><!-- Start Posts Slider Post Article  -->\r\n<article id=\"post-14700\" class=\"cmsmasters_slider_post post-14700 post type-post status-publish format-standard has-post-thumbnail hentry tag-curatarea tag-curatenia-profesionala\">\r\n\t<div class=\"cmsmasters_slider_post_outer\">\r\n\t<div class=\"cmsmasters_slider_post_img_wrap\"><figure class=\"cmsmasters_img_rollover_wrap preloader\"><img loading=\"lazy\" decoding=\"async\" width=\"580\" height=\"366\" src=\"https:\/\/qualityclean.md\/wp-content\/uploads\/2022\/05\/uborka-kvartir-posle-remonta-580x366.jpg\" class=\"full-width wp-post-image\" alt=\"Inaugurarea \u00een cl\u0103dire nou\u0103: cur\u0103\u021barea spa\u021biilor dup\u0103 construc\u021bie sau repara\u021bie\" title=\"uborka-kvartir-posle-remonta\" \/><div class=\"cmsmasters_img_rollover\"><a href=\"https:\/\/qualityclean.md\/ro\/inaugurarea-in-cladire-noua-curatarea-spatiilor-dupa-constructie-sau-reparatie\/\" title=\"Inaugurarea \u00een cl\u0103dire nou\u0103: cur\u0103\u021barea spa\u021biilor dup\u0103 construc\u021bie sau repara\u021bie\" class=\"cmsmasters_open_link\"><\/a><\/div><\/figure><a class=\"cmsmasters_slider_post_read_more\" href=\"https:\/\/qualityclean.md\/ro\/inaugurarea-in-cladire-noua-curatarea-spatiilor-dupa-constructie-sau-reparatie\/\">Mai departe<\/a><\/div><div class=\"cmsmasters_slider_post_inner\"><header class=\"cmsmasters_slider_post_header entry-header\"><h2 class=\"cmsmasters_slider_post_title entry-title\"><a href=\"https:\/\/qualityclean.md\/ro\/inaugurarea-in-cladire-noua-curatarea-spatiilor-dupa-constructie-sau-reparatie\/\">Inaugurarea \u00een cl\u0103dire nou\u0103: cur\u0103\u021barea spa\u021biilor dup\u0103 construc\u021bie sau repara\u021bie<\/a><\/h2><\/header><\/div>\t<\/div>\r\n<\/article>\r\n<!-- Finish Posts Slider Post Article  -->\r\n\r\n<\/div><div class=\"cmsmasters_owl_slider_item\"><!-- Start Posts Slider Post Article  -->\r\n<article id=\"post-14696\" class=\"cmsmasters_slider_post post-14696 post type-post status-publish format-standard has-post-thumbnail hentry tag-curatenie\">\r\n\t<div class=\"cmsmasters_slider_post_outer\">\r\n\t<div class=\"cmsmasters_slider_post_img_wrap\"><figure class=\"cmsmasters_img_rollover_wrap preloader\"><img loading=\"lazy\" decoding=\"async\" width=\"580\" height=\"366\" src=\"https:\/\/qualityclean.md\/wp-content\/uploads\/2022\/05\/uborka-ofisov-580x366.jpg\" class=\"full-width wp-post-image\" alt=\"Cura\u021benie \u00een birouri \u0219i spatii comerciale la B\u0103\u021bi (baruri, restaurante, magazine)\" title=\"uborka-ofisov\" \/><div class=\"cmsmasters_img_rollover\"><a href=\"https:\/\/qualityclean.md\/ro\/curatenie-in-birouri-si-spatii-comerciale-la-bati-baruri-restaurante-magazine\/\" title=\"Cura\u021benie \u00een birouri \u0219i spatii comerciale la B\u0103\u021bi (baruri, restaurante, magazine)\" class=\"cmsmasters_open_link\"><\/a><\/div><\/figure><a class=\"cmsmasters_slider_post_read_more\" href=\"https:\/\/qualityclean.md\/ro\/curatenie-in-birouri-si-spatii-comerciale-la-bati-baruri-restaurante-magazine\/\">Mai departe<\/a><\/div><div class=\"cmsmasters_slider_post_inner\"><header class=\"cmsmasters_slider_post_header entry-header\"><h2 class=\"cmsmasters_slider_post_title entry-title\"><a href=\"https:\/\/qualityclean.md\/ro\/curatenie-in-birouri-si-spatii-comerciale-la-bati-baruri-restaurante-magazine\/\">Cura\u021benie \u00een birouri \u0219i spatii comerciale la B\u0103\u021bi (baruri, restaurante, magazine)<\/a><\/h2><\/header><\/div>\t<\/div>\r\n<\/article>\r\n<!-- Finish Posts Slider Post Article  -->\r\n\r\n<\/div><div class=\"cmsmasters_owl_slider_item\"><!-- Start Posts Slider Post Article  -->\r\n<article id=\"post-14692\" class=\"cmsmasters_slider_post post-14692 post type-post status-publish format-standard has-post-thumbnail hentry tag-balti tag-curatenie-profesionala tag-qualityclean\">\r\n\t<div class=\"cmsmasters_slider_post_outer\">\r\n\t<div class=\"cmsmasters_slider_post_img_wrap\"><figure class=\"cmsmasters_img_rollover_wrap preloader\"><img loading=\"lazy\" decoding=\"async\" width=\"580\" height=\"366\" src=\"https:\/\/qualityclean.md\/wp-content\/uploads\/2022\/05\/15700050728008-f0f1d7bce718bfd0f9ae9f5620fbb76e-580x366.jpg\" class=\"full-width wp-post-image\" alt=\"Curatenie profesional\u0103 a apartamentelor la B\u00e2l\u021bi \u0219i \u00een raioane\" title=\"15700050728008-f0f1d7bce718bfd0f9ae9f5620fbb76e\" \/><div class=\"cmsmasters_img_rollover\"><a href=\"https:\/\/qualityclean.md\/ro\/curatenie-profesionala-a-apartamentelor-la-balti-si-in-raioane\/\" title=\"Curatenie profesional\u0103 a apartamentelor la B\u00e2l\u021bi \u0219i \u00een raioane\" class=\"cmsmasters_open_link\"><\/a><\/div><\/figure><a class=\"cmsmasters_slider_post_read_more\" href=\"https:\/\/qualityclean.md\/ro\/curatenie-profesionala-a-apartamentelor-la-balti-si-in-raioane\/\">Mai departe<\/a><\/div><div class=\"cmsmasters_slider_post_inner\"><header class=\"cmsmasters_slider_post_header entry-header\"><h2 class=\"cmsmasters_slider_post_title entry-title\"><a href=\"https:\/\/qualityclean.md\/ro\/curatenie-profesionala-a-apartamentelor-la-balti-si-in-raioane\/\">Curatenie profesional\u0103 a apartamentelor la B\u00e2l\u021bi \u0219i \u00een raioane<\/a><\/h2><\/header><\/div>\t<\/div>\r\n<\/article>\r\n<!-- Finish Posts Slider Post Article  -->\r\n\r\n<\/div><div class=\"cmsmasters_owl_slider_item\"><!-- Start Posts Slider Post Article  -->\r\n<article id=\"post-14688\" class=\"cmsmasters_slider_post post-14688 post type-post status-publish format-standard has-post-thumbnail hentry category-servicii tag-curatenia-caselor tag-qualityclean\">\r\n\t<div class=\"cmsmasters_slider_post_outer\">\r\n\t<div class=\"cmsmasters_slider_post_img_wrap\"><figure class=\"cmsmasters_img_rollover_wrap preloader\"><img loading=\"lazy\" decoding=\"async\" width=\"580\" height=\"366\" src=\"https:\/\/qualityclean.md\/wp-content\/uploads\/2023\/05\/chistka_kovrov_v_belcah-580x366.jpg\" class=\"full-width wp-post-image\" alt=\"Cur\u0103\u021benia caselor, apartamentelor \u00eenainte de na\u0219terea unui copil la B\u0103l\u021bi \u0219i \u00een raioane\" title=\"chistka_kovrov_v_belcah\" \/><div class=\"cmsmasters_img_rollover\"><a href=\"https:\/\/qualityclean.md\/ro\/servicii\/curatenia-caselor-apartamentelor-inainte-de-nasterea-unui-copil-la-balti-si-in-raioane\/\" title=\"Cur\u0103\u021benia caselor, apartamentelor \u00eenainte de na\u0219terea unui copil la B\u0103l\u021bi \u0219i \u00een raioane\" class=\"cmsmasters_open_link\"><\/a><\/div><\/figure><a class=\"cmsmasters_slider_post_read_more\" href=\"https:\/\/qualityclean.md\/ro\/servicii\/curatenia-caselor-apartamentelor-inainte-de-nasterea-unui-copil-la-balti-si-in-raioane\/\">Mai departe<\/a><\/div><div class=\"cmsmasters_slider_post_inner\"><header class=\"cmsmasters_slider_post_header entry-header\"><h2 class=\"cmsmasters_slider_post_title entry-title\"><a href=\"https:\/\/qualityclean.md\/ro\/servicii\/curatenia-caselor-apartamentelor-inainte-de-nasterea-unui-copil-la-balti-si-in-raioane\/\">Cur\u0103\u021benia caselor, apartamentelor \u00eenainte de na\u0219terea unui copil la B\u0103l\u021bi \u0219i \u00een raioane<\/a><\/h2><\/header><\/div>\t<\/div>\r\n<\/article>\r\n<!-- Finish Posts Slider Post Article  -->\r\n\r\n<\/div><div class=\"cmsmasters_owl_slider_item\"><!-- Start Posts Slider Post Article  -->\r\n<article id=\"post-14684\" class=\"cmsmasters_slider_post post-14684 post type-post status-publish format-standard has-post-thumbnail hentry tag-curatenie-generala\">\r\n\t<div class=\"cmsmasters_slider_post_outer\">\r\n\t<div class=\"cmsmasters_slider_post_img_wrap\"><figure class=\"cmsmasters_img_rollover_wrap preloader\"><img loading=\"lazy\" decoding=\"async\" width=\"580\" height=\"366\" src=\"https:\/\/qualityclean.md\/wp-content\/uploads\/2022\/05\/0690269_b-580x366.jpeg\" class=\"full-width wp-post-image\" alt=\"Cura\u021benie general\u0103 la cabane \u0219i case, dup\u0103 s\u0103rb\u0103tori, la  B\u0103l\u021bi \u0219i \u00een raioane\" title=\"0690269_b\" \/><div class=\"cmsmasters_img_rollover\"><a href=\"https:\/\/qualityclean.md\/ro\/curatenie-generala-la-cabane-si-case-dupa-sarbatori-la-balti-si-in-raioane\/\" title=\"Cura\u021benie general\u0103 la cabane \u0219i case, dup\u0103 s\u0103rb\u0103tori, la  B\u0103l\u021bi \u0219i \u00een raioane\" class=\"cmsmasters_open_link\"><\/a><\/div><\/figure><a class=\"cmsmasters_slider_post_read_more\" href=\"https:\/\/qualityclean.md\/ro\/curatenie-generala-la-cabane-si-case-dupa-sarbatori-la-balti-si-in-raioane\/\">Mai departe<\/a><\/div><div class=\"cmsmasters_slider_post_inner\"><header class=\"cmsmasters_slider_post_header entry-header\"><h2 class=\"cmsmasters_slider_post_title entry-title\"><a href=\"https:\/\/qualityclean.md\/ro\/curatenie-generala-la-cabane-si-case-dupa-sarbatori-la-balti-si-in-raioane\/\">Cura\u021benie general\u0103 la cabane \u0219i case, dup\u0103 s\u0103rb\u0103tori, la  B\u0103l\u021bi \u0219i \u00een raioane<\/a><\/h2><\/header><\/div>\t<\/div>\r\n<\/article>\r\n<!-- Finish Posts Slider Post Article  -->\r\n\r\n<\/div><\/div><\/div>\n<div id=\"cmsmasters_divider_c1dca47e63\" class=\"cl\"><\/div>\n<div id=\"cmsmasters_button_3c5688b6d5\" class=\"button_wrap\"><a href=\"https:\/\/qualityclean.md\/ro\/contacte\/\" class=\"cmsmasters_button\"><span> TRIMITE\u021aI CEREREA DVS<\/span><\/a><\/div>\n<\/div><\/div>\n<\/div>\n<\/div>\n<\/div>\n<\/div>\n<\/div>\n<div id=\"cmsmasters_row_ec3580ab6f\" class=\"cmsmasters_row cmsmasters_color_scheme_default cmsmasters_row_top_default cmsmasters_row_bot_default cmsmasters_row_boxed\">\n<div class=\"cmsmasters_row_outer_parent\">\n<div class=\"cmsmasters_row_outer\">\n<div class=\"cmsmasters_row_inner\">\n<div class=\"cmsmasters_row_margin\">\n<div id=\"cmsmasters_column_c6ef4811a4\" class=\"cmsmasters_column one_first\">\n<div class=\"cmsmasters_column_inner\"><div id=\"cmsmasters_heading_49cc782bb4\" class=\"cmsmasters_heading_wrap cmsmasters_heading_align_center\">\n\t<h4 class=\"cmsmasters_heading\"> Apreciem timpul dumneavoastr\u0103! <\/h4>\n<\/div><div id=\"cmsmasters_heading_af2e7c3df9\" class=\"cmsmasters_heading_wrap cmsmasters_heading_align_center\">\n\t<h2 class=\"cmsmasters_heading\"> Principiile activit\u0103\u021bii noastre <\/h2>\n<\/div>\n<\/div><\/div>\n<\/div>\n<\/div>\n<div class=\"cmsmasters_row_inner\">\n<div class=\"cmsmasters_row_margin\">\n<div id=\"cmsmasters_column_e218544de2\" class=\"cmsmasters_column one_third\">\n<div class=\"cmsmasters_column_inner\"><div id=\"cmsmasters_heading_d5b6f32f1e\" class=\"cmsmasters_heading_wrap cmsmasters_heading_align_center\">\n\t<h2 class=\"cmsmasters_heading\"> 1 PAS<\/h2>\n<\/div><div class=\"aligncenter\"><div class=\"cmsmasters_img  cmsmasters_image_c\"><img decoding=\"async\" src=\"https:\/\/qualityclean.md\/wp-content\/uploads\/2023\/05\/element-slider-2-1-4.png\" \/><\/div><\/div><div id=\"cmsmasters_heading_a787b3b227\" class=\"cmsmasters_heading_wrap cmsmasters_heading_align_center\">\n\t<h4 class=\"cmsmasters_heading\">L\u0103sa\u021bi o cerere &#8211; program\u0103m ora<\/h4>\n<\/div>\n<\/div><\/div>\n<div id=\"cmsmasters_column_2265a5f769\" class=\"cmsmasters_column one_third\">\n<div class=\"cmsmasters_column_inner\"><div id=\"cmsmasters_heading_a60e48e750\" class=\"cmsmasters_heading_wrap cmsmasters_heading_align_center\">\n\t<h2 class=\"cmsmasters_heading\">2 PAS<\/h2>\n<\/div><div class=\"aligncenter\"><div class=\"cmsmasters_img  cmsmasters_image_c\"><img decoding=\"async\" src=\"https:\/\/qualityclean.md\/wp-content\/uploads\/2023\/05\/element-slider-4-4.png\" \/><\/div><\/div><div id=\"cmsmasters_heading_892127d061\" class=\"cmsmasters_heading_wrap cmsmasters_heading_align_center\">\n\t<h4 class=\"cmsmasters_heading\">Lu\u0103m covoare pentru sp\u0103lat<\/h4>\n<\/div>\n<\/div><\/div>\n<div id=\"cmsmasters_column_07a9f3923b\" class=\"cmsmasters_column one_third\">\n<div class=\"cmsmasters_column_inner\"><div id=\"cmsmasters_heading_dac1fdf87a\" class=\"cmsmasters_heading_wrap cmsmasters_heading_align_center\">\n\t<h2 class=\"cmsmasters_heading\">3 PAS<\/h2>\n<\/div><div class=\"aligncenter\"><div class=\"cmsmasters_img  cmsmasters_image_c\"><img decoding=\"async\" src=\"https:\/\/qualityclean.md\/wp-content\/uploads\/2023\/05\/element-slider-1-1-4.png\" \/><\/div><\/div><div id=\"cmsmasters_heading_846989d23f\" class=\"cmsmasters_heading_wrap cmsmasters_heading_align_center\">\n\t<h4 class=\"cmsmasters_heading\">Livram covoare curate<\/h4>\n<\/div>\n<\/div><\/div>\n<\/div>\n<\/div>\n<\/div>\n<\/div>\n<\/div>\n<div id=\"cmsmasters_row_9381d2051e\" class=\"cmsmasters_row cmsmasters_color_scheme_default cmsmasters_row_top_default cmsmasters_row_bot_default cmsmasters_row_boxed\">\n<div class=\"cmsmasters_row_outer_parent\">\n<div class=\"cmsmasters_row_outer\">\n<div class=\"cmsmasters_row_inner\">\n<div class=\"cmsmasters_row_margin\">\n<div id=\"cmsmasters_column_1ab3db5366\" class=\"cmsmasters_column three_fourth\">\n<div class=\"cmsmasters_column_inner\"><div class=\"cmsmasters_text\">\n<div class=\"cmsmasters_text\">\n<h4><span style=\"color: #0f3664; font-size: 28px; line-height: 32px; font-weight: normal;\"><em><span style=\"color: #1d65b9;\"><strong>Ob\u021bine\u021bi o reducere de 10%<\/strong><\/span> <strong><span style=\"color: #1d65b9;\">!<\/span><\/strong> Apreciem <strong>timpul<\/strong>. Economisim <strong>bani<\/strong>. Ne pre\u021buim <strong>clien\u021bii<\/strong>.<\/em><\/span><\/h4>\n<\/div>\n<\/div>\n<\/div><\/div>\n<div id=\"cmsmasters_column_176d4e6f65\" class=\"cmsmasters_column one_fourth\">\n<div class=\"cmsmasters_column_inner\"><div id=\"cmsmasters_button_cbd8b05390\" class=\"button_wrap\"><a href=\"https:\/\/qualityclean.md\/ro\/contacte\/\" class=\"cmsmasters_button\"><span> TRIMITE\u021aI CEREREA DVS<\/span><\/a><\/div>\n<\/div><\/div>\n<\/div>\n<\/div>\n<\/div>\n<\/div>\n<\/div>\n<div id=\"cmsmasters_row_e10e45f3af\" class=\"cmsmasters_row cmsmasters_color_scheme_default cmsmasters_row_top_default cmsmasters_row_bot_default cmsmasters_row_boxed\">\n<div class=\"cmsmasters_row_outer_parent\">\n<div class=\"cmsmasters_row_outer\">\n<div class=\"cmsmasters_row_inner\">\n<div class=\"cmsmasters_row_margin\">\n<div id=\"cmsmasters_column_d0bfacf7ee\" class=\"cmsmasters_column one_half\">\n<div class=\"cmsmasters_column_inner\"><div class=\"cmsmasters_img  cmsmasters_image_n\"><img decoding=\"async\" src=\"https:\/\/qualityclean.md\/wp-content\/uploads\/2023\/05\/chistka_kovrov_v_belcah-1024x683.jpg\" \/><\/div><div id=\"cmsmasters_heading_ae466d052c\" class=\"cmsmasters_heading_wrap cmsmasters_heading_align_left\">\n\t<h4 class=\"cmsmasters_heading\">Preturile noastre<\/h4>\n<\/div><div id=\"cmsmasters_heading_3b7f99cf0a\" class=\"cmsmasters_heading_wrap cmsmasters_heading_align_left\">\n\t<h2 class=\"cmsmasters_heading\">Oferim reduceri de volum<\/h2>\n<\/div><div class=\"cmsmasters_text\">\n<p>Cooperarea cu QualityClean nu economise\u0219te doar timp \u0219i efort, ci \u0219i un rezultat genial care va \u00eenc\u00e2nta to\u021bi membrii familiei. Covoarele curate sunt cheia succesului pentru \u00eentreaga familie!<\/p>\n<\/div>\n<div id=\"cmsmasters_divider_533f4fe43f\" class=\"cl\"><\/div>\n<div id=\"cmsmasters_button_99fd0b90d7\" class=\"button_wrap\"><a href=\"https:\/\/qualityclean.md\/ro\/preturi-la-serviciile\/\" class=\"cmsmasters_button\"><span>Pre\u021buri la serviciile<\/span><\/a><\/div>\n<\/div><\/div>\n<div id=\"cmsmasters_column_542727bc8a\" class=\"cmsmasters_column one_half\">\n<div class=\"cmsmasters_column_inner\"><div id=\"cmsmasters_heading_7d166ea821\" class=\"cmsmasters_heading_wrap cmsmasters_heading_align_left\">\n\t<h2 class=\"cmsmasters_heading\">V\u0103 vom suna \u00eenapoi<\/h2>\n<\/div><div class=\"cmsmasters_text\">\n<p><span style=\"color: #ffffff;\"> Managerul nostru v\u0103 va suna \u00eenapoi! <\/span><\/p>\n<\/div>\n<div id=\"cmsmasters_divider_67a2eb2304\" class=\"cl\"><\/div>\n<div class=\"cmsmasters_contact_form\">\n<div class=\"wpcf7 no-js\" id=\"wpcf7-f14709-o1\" lang=\"ru-RU\" dir=\"ltr\">\n<div class=\"screen-reader-response\"><p role=\"status\" aria-live=\"polite\" aria-atomic=\"true\"><\/p> <ul><\/ul><\/div>\n<form action=\"\/ro\/wp-json\/wp\/v2\/pages\/14640#wpcf7-f14709-o1\" method=\"post\" class=\"wpcf7-form init\" aria-label=\"\u041a\u043e\u043d\u0442\u0430\u043a\u0442\u043d\u0430\u044f \u0444\u043e\u0440\u043c\u0430\" novalidate=\"novalidate\" data-status=\"init\">\n<div style=\"display: none;\">\n<input type=\"hidden\" name=\"_wpcf7\" value=\"14709\" \/>\n<input type=\"hidden\" name=\"_wpcf7_version\" value=\"5.7.6\" \/>\n<input type=\"hidden\" name=\"_wpcf7_locale\" value=\"ru_RU\" \/>\n<input type=\"hidden\" name=\"_wpcf7_unit_tag\" value=\"wpcf7-f14709-o1\" \/>\n<input type=\"hidden\" name=\"_wpcf7_container_post\" value=\"0\" \/>\n<input type=\"hidden\" name=\"_wpcf7_posted_data_hash\" value=\"\" \/>\n<input type=\"hidden\" name=\"_wpcf7_recaptcha_response\" value=\"\" \/>\n<\/div>\n<p><label> Numele<br \/>\n<span class=\"wpcf7-form-control-wrap\" data-name=\"your-name\"><input size=\"40\" class=\"wpcf7-form-control wpcf7-text wpcf7-validates-as-required\" aria-required=\"true\" aria-invalid=\"false\" value=\"\" type=\"text\" name=\"your-name\" \/><\/span> <\/label>\n<\/p>\n<p><label> Telefon<br \/>\n<span class=\"wpcf7-form-control-wrap\" data-name=\"tel-533\"><input size=\"40\" class=\"wpcf7-form-control wpcf7-text wpcf7-tel wpcf7-validates-as-required wpcf7-validates-as-tel\" aria-required=\"true\" aria-invalid=\"false\" value=\"\" type=\"tel\" name=\"tel-533\" \/><\/span> <\/label>\n<\/p>\n<p><input class=\"wpcf7-form-control has-spinner wpcf7-submit\" type=\"submit\" value=\"TRIMITE\" \/>\n<\/p><div class=\"wpcf7-response-output\" aria-hidden=\"true\"><\/div>\n<\/form>\n<\/div>\n<\/div>\n<\/div><\/div>\n<\/div>\n<\/div>\n<\/div>\n<\/div>\n<\/div>\n\n","protected":false},"excerpt":{"rendered":"Cur\u0103\u021benia general\u0103 a unei cabane sau a unei case private presupune cur\u0103\u021benie pe o suprafa\u021b\u0103 mare. Prin urmare, este mai eficient s\u0103 implici o echip\u0103 profesionist\u0103 de clining pentru sarcini dificile care necesit\u0103 for\u021b\u0103 de munc\u0103. Cooperarea cu compania de clining QualityClean \u00een cur\u0103\u021barea unei case sau cabane nu \u00eenseamn\u0103 doar economie de timp \u0219i...","protected":false},"author":1,"featured_media":0,"parent":0,"menu_order":0,"comment_status":"closed","ping_status":"closed","template":"","meta":{"footnotes":""},"class_list":["post-14640","page","type-page","status-publish","hentry"],"aioseo_notices":[],"_links":{"self":[{"href":"https:\/\/qualityclean.md\/ro\/wp-json\/wp\/v2\/pages\/14640","targetHints":{"allow":["GET"]}}],"collection":[{"href":"https:\/\/qualityclean.md\/ro\/wp-json\/wp\/v2\/pages"}],"about":[{"href":"https:\/\/qualityclean.md\/ro\/wp-json\/wp\/v2\/types\/page"}],"author":[{"embeddable":true,"href":"https:\/\/qualityclean.md\/ro\/wp-json\/wp\/v2\/users\/1"}],"replies":[{"embeddable":true,"href":"https:\/\/qualityclean.md\/ro\/wp-json\/wp\/v2\/comments?post=14640"}],"version-history":[{"count":6,"href":"https:\/\/qualityclean.md\/ro\/wp-json\/wp\/v2\/pages\/14640\/revisions"}],"predecessor-version":[{"id":14779,"href":"https:\/\/qualityclean.md\/ro\/wp-json\/wp\/v2\/pages\/14640\/revisions\/14779"}],"wp:attachment":[{"href":"https:\/\/qualityclean.md\/ro\/wp-json\/wp\/v2\/media?parent=14640"}],"curies":[{"name":"wp","href":"https:\/\/api.w.org\/{rel}","templated":true}]}}