{"id":14652,"date":"2022-05-14T18:27:15","date_gmt":"2022-05-14T15:27:15","guid":{"rendered":"https:\/\/qualityclean.md\/?page_id=14652"},"modified":"2022-05-14T20:53:57","modified_gmt":"2022-05-14T17:53:57","slug":"articole","status":"publish","type":"page","link":"https:\/\/qualityclean.md\/ro\/articole\/","title":{"rendered":"Articole"},"content":{"rendered":"<div id=\"cmsmasters_row_af8cc08b52\" class=\"cmsmasters_row cmsmasters_color_scheme_default cmsmasters_row_top_default cmsmasters_row_bot_default cmsmasters_row_boxed\">\n<div class=\"cmsmasters_row_outer_parent\">\n<div class=\"cmsmasters_row_outer\">\n<div class=\"cmsmasters_row_inner\">\n<div class=\"cmsmasters_row_margin\">\n<div id=\"cmsmasters_column_e156b54e38\" class=\"cmsmasters_column one_first\">\n<div class=\"cmsmasters_column_inner\"><div id=\"blog_11ec553dcd\" class=\"cmsmasters_wrap_blog entry-summary\" data-layout=\"standard\" data-layout-mode=\"\" data-url=\"https:\/\/qualityclean.md\/wp-content\/plugins\/cmsmasters-content-composer\/\" data-orderby=\"date\" data-order=\"DESC\" data-count=\"9\" data-categories=\"servicii\" data-metadata=\"\" data-pagination=\"pagination\"><div class=\"blog standard\"><!-- Start Post Default Article  -->\r\n<article id=\"post-14700\" class=\"cmsmasters_post_default post-14700 post type-post status-publish format-standard has-post-thumbnail hentry tag-curatarea tag-curatenia-profesionala\">\r\n\t<div class=\"cmsmasters_post_cont_wrap\">\r\n\t\t<figure class=\"cmsmasters_img_wrap\"><a href=\"https:\/\/qualityclean.md\/ro\/inaugurarea-in-cladire-noua-curatarea-spatiilor-dupa-constructie-sau-reparatie\/\" title=\"Inaugurarea \u00een cl\u0103dire nou\u0103: cur\u0103\u021barea spa\u021biilor dup\u0103 construc\u021bie sau repara\u021bie\" class=\"cmsmasters_img_link\"><img loading=\"lazy\" decoding=\"async\" width=\"860\" height=\"450\" src=\"https:\/\/qualityclean.md\/wp-content\/uploads\/2022\/05\/uborka-kvartir-posle-remonta-860x450.jpg\" class=\" wp-post-image\" alt=\"Inaugurarea \u00een cl\u0103dire nou\u0103: cur\u0103\u021barea spa\u021biilor dup\u0103 construc\u021bie sau repara\u021bie\" title=\"uborka-kvartir-posle-remonta\" \/><\/a><\/figure><div class=\"cmsmasters_post_cont enable_image\"><header class=\"cmsmasters_post_header entry-header\"><h3 class=\"cmsmasters_post_title entry-title\"><a href=\"https:\/\/qualityclean.md\/ro\/inaugurarea-in-cladire-noua-curatarea-spatiilor-dupa-constructie-sau-reparatie\/\">Inaugurarea \u00een cl\u0103dire nou\u0103: cur\u0103\u021barea spa\u021biilor dup\u0103 construc\u021bie sau repara\u021bie<\/a><\/h3><\/header><div class=\"cmsmasters_post_content entry-content\">\n<p>Dup\u0103 finalizarea lucr\u0103rilor de construc\u021bie sau repara\u021bii, este necesar\u0103 cur\u0103\u021barea de \u00eenalt\u0103 calitate a spa\u021biilor. Mul\u021bi proprietari de apartamente \u0219i case delegheaz\u0103 aceast\u0103 sarcin\u0103 dificil\u0103 companiei de clining. Cur\u0103\u021benia profesional\u0103 dup\u0103 repara\u021bie este o munc\u0103 complex\u0103, este mult mai u\u0219or \u0219i mai eficient s\u0103 faci fa\u021b\u0103 problemei cu o echip\u0103...<\/p>\n<\/div>\n\t\t<\/div>\r\n\t<\/div>\r\n<\/article>\r\n<!-- Finish Post Default Article  -->\r\n\r\n<!-- Start Post Default Article  -->\r\n<article id=\"post-14696\" class=\"cmsmasters_post_default post-14696 post type-post status-publish format-standard has-post-thumbnail hentry tag-curatenie\">\r\n\t<div class=\"cmsmasters_post_cont_wrap\">\r\n\t\t<figure class=\"cmsmasters_img_wrap\"><a href=\"https:\/\/qualityclean.md\/ro\/curatenie-in-birouri-si-spatii-comerciale-la-bati-baruri-restaurante-magazine\/\" title=\"Cura\u021benie \u00een birouri \u0219i spatii comerciale la B\u0103\u021bi (baruri, restaurante, magazine)\" class=\"cmsmasters_img_link\"><img loading=\"lazy\" decoding=\"async\" width=\"860\" height=\"575\" src=\"https:\/\/qualityclean.md\/wp-content\/uploads\/2022\/05\/uborka-ofisov-860x575.jpg\" class=\" wp-post-image\" alt=\"Cura\u021benie \u00een birouri \u0219i spatii comerciale la B\u0103\u021bi (baruri, restaurante, magazine)\" title=\"uborka-ofisov\" \/><\/a><\/figure><div class=\"cmsmasters_post_cont enable_image\"><header class=\"cmsmasters_post_header entry-header\"><h3 class=\"cmsmasters_post_title entry-title\"><a href=\"https:\/\/qualityclean.md\/ro\/curatenie-in-birouri-si-spatii-comerciale-la-bati-baruri-restaurante-magazine\/\">Cura\u021benie \u00een birouri \u0219i spatii comerciale la B\u0103\u021bi (baruri, restaurante, magazine)<\/a><\/h3><\/header><div class=\"cmsmasters_post_content entry-content\">\n<p>Succesul companiei este determinat nu numai de realiz\u0103rile sale, dar \u0219i cur\u0103\u021benia \u00een oficiul men\u021bine o imagine pozitiv\u0103, demonstreaz\u0103 respect pentru clien\u021bi \u0219i pentru echipa de lucru. Quality Clean ofer\u0103 servicii de cur\u0103\u021benie a oficiilor dup\u0103 renovare, relocare sau evenimente corporative, precum \u0219i men\u021binerea cur\u0103\u021beniei \u00een mod continuu. Cur\u0103\u021barea profesional\u0103...<\/p>\n<\/div>\n\t\t<\/div>\r\n\t<\/div>\r\n<\/article>\r\n<!-- Finish Post Default Article  -->\r\n\r\n<!-- Start Post Default Article  -->\r\n<article id=\"post-14692\" class=\"cmsmasters_post_default post-14692 post type-post status-publish format-standard has-post-thumbnail hentry tag-balti tag-curatenie-profesionala tag-qualityclean\">\r\n\t<div class=\"cmsmasters_post_cont_wrap\">\r\n\t\t<figure class=\"cmsmasters_img_wrap\"><a href=\"https:\/\/qualityclean.md\/ro\/curatenie-profesionala-a-apartamentelor-la-balti-si-in-raioane\/\" title=\"Curatenie profesional\u0103 a apartamentelor la B\u00e2l\u021bi \u0219i \u00een raioane\" class=\"cmsmasters_img_link\"><img loading=\"lazy\" decoding=\"async\" width=\"860\" height=\"575\" src=\"https:\/\/qualityclean.md\/wp-content\/uploads\/2022\/05\/15700050728008-f0f1d7bce718bfd0f9ae9f5620fbb76e-860x575.jpg\" class=\" wp-post-image\" alt=\"Curatenie profesional\u0103 a apartamentelor la B\u00e2l\u021bi \u0219i \u00een raioane\" title=\"15700050728008-f0f1d7bce718bfd0f9ae9f5620fbb76e\" \/><\/a><\/figure><div class=\"cmsmasters_post_cont enable_image\"><header class=\"cmsmasters_post_header entry-header\"><h3 class=\"cmsmasters_post_title entry-title\"><a href=\"https:\/\/qualityclean.md\/ro\/curatenie-profesionala-a-apartamentelor-la-balti-si-in-raioane\/\">Curatenie profesional\u0103 a apartamentelor la B\u00e2l\u021bi \u0219i \u00een raioane<\/a><\/h3><\/header><div class=\"cmsmasters_post_content entry-content\">\n<p>Cur\u0103\u021benia profesional\u0103 a apartamentului presupune un clining complex a spa\u021biilor. Mul\u021bi clien\u021bi prefer\u0103 cur\u0103\u021benia general\u0103 dificil\u0103, care necesit\u0103 nu numai mult efort, dar \u0219i timp. Cur\u0103\u021benia general\u0103 profesional\u0103 de la speciali\u0219tii qualityclean.md va economisi timpul \u0219i efortul Dstr\u0103. \u00cencredin\u021b\u00e2nd cur\u0103\u021benia companiei noastre, pute\u021bi fi sigur c\u0103 ob\u021bine\u021bi un rezultat de...<\/p>\n<\/div>\n\t\t<\/div>\r\n\t<\/div>\r\n<\/article>\r\n<!-- Finish Post Default Article  -->\r\n\r\n<!-- Start Post Default Article  -->\r\n<article id=\"post-14688\" class=\"cmsmasters_post_default post-14688 post type-post status-publish format-standard has-post-thumbnail hentry category-servicii tag-curatenia-caselor tag-qualityclean\">\r\n\t<div class=\"cmsmasters_post_cont_wrap\">\r\n\t\t<figure class=\"cmsmasters_img_wrap\"><a href=\"https:\/\/qualityclean.md\/ro\/servicii\/curatenia-caselor-apartamentelor-inainte-de-nasterea-unui-copil-la-balti-si-in-raioane\/\" title=\"Cur\u0103\u021benia caselor, apartamentelor \u00eenainte de na\u0219terea unui copil la B\u0103l\u021bi \u0219i \u00een raioane\" class=\"cmsmasters_img_link\"><img loading=\"lazy\" decoding=\"async\" width=\"860\" height=\"575\" src=\"https:\/\/qualityclean.md\/wp-content\/uploads\/2023\/05\/chistka_kovrov_v_belcah-860x575.jpg\" class=\" wp-post-image\" alt=\"Cur\u0103\u021benia caselor, apartamentelor \u00eenainte de na\u0219terea unui copil la B\u0103l\u021bi \u0219i \u00een raioane\" title=\"chistka_kovrov_v_belcah\" srcset=\"https:\/\/qualityclean.md\/wp-content\/uploads\/2023\/05\/chistka_kovrov_v_belcah-860x575.jpg 860w, https:\/\/qualityclean.md\/wp-content\/uploads\/2023\/05\/chistka_kovrov_v_belcah-300x200.jpg 300w, https:\/\/qualityclean.md\/wp-content\/uploads\/2023\/05\/chistka_kovrov_v_belcah-1024x683.jpg 1024w, https:\/\/qualityclean.md\/wp-content\/uploads\/2023\/05\/chistka_kovrov_v_belcah-768x512.jpg 768w, https:\/\/qualityclean.md\/wp-content\/uploads\/2023\/05\/chistka_kovrov_v_belcah-580x387.jpg 580w\" sizes=\"auto, (max-width: 860px) 100vw, 860px\" \/><\/a><\/figure><div class=\"cmsmasters_post_cont enable_image\"><header class=\"cmsmasters_post_header entry-header\"><h3 class=\"cmsmasters_post_title entry-title\"><a href=\"https:\/\/qualityclean.md\/ro\/servicii\/curatenia-caselor-apartamentelor-inainte-de-nasterea-unui-copil-la-balti-si-in-raioane\/\">Cur\u0103\u021benia caselor, apartamentelor \u00eenainte de na\u0219terea unui copil la B\u0103l\u021bi \u0219i \u00een raioane<\/a><\/h3><\/header><div class=\"cmsmasters_post_content entry-content\">\n<p>Na\u0219terea unui nou membru al familiei este unul din cele mai importante evenimente din via\u021ba fiec\u0103rei familii. De acest eveniment duios, sunt legate diverse griji: procurarea unui c\u0103rucior, a unui p\u0103tu\u021b, alegerea hainelor pentru copil, procurarea produselor cosmetice pentru copii. Dar exist\u0103 \u0219i probleme nu chiar pl\u0103cute, care necesit\u0103 o...<\/p>\n<\/div>\n\t\t<\/div>\r\n\t<\/div>\r\n<\/article>\r\n<!-- Finish Post Default Article  -->\r\n\r\n<!-- Start Post Default Article  -->\r\n<article id=\"post-14684\" class=\"cmsmasters_post_default post-14684 post type-post status-publish format-standard has-post-thumbnail hentry tag-curatenie-generala\">\r\n\t<div class=\"cmsmasters_post_cont_wrap\">\r\n\t\t<figure class=\"cmsmasters_img_wrap\"><a href=\"https:\/\/qualityclean.md\/ro\/curatenie-generala-la-cabane-si-case-dupa-sarbatori-la-balti-si-in-raioane\/\" title=\"Cura\u021benie general\u0103 la cabane \u0219i case, dup\u0103 s\u0103rb\u0103tori, la  B\u0103l\u021bi \u0219i \u00een raioane\" class=\"cmsmasters_img_link\"><img loading=\"lazy\" decoding=\"async\" width=\"680\" height=\"453\" src=\"https:\/\/qualityclean.md\/wp-content\/uploads\/2022\/05\/0690269_b.jpeg\" class=\" wp-post-image\" alt=\"Cura\u021benie general\u0103 la cabane \u0219i case, dup\u0103 s\u0103rb\u0103tori, la  B\u0103l\u021bi \u0219i \u00een raioane\" title=\"0690269_b\" srcset=\"https:\/\/qualityclean.md\/wp-content\/uploads\/2022\/05\/0690269_b.jpeg 680w, https:\/\/qualityclean.md\/wp-content\/uploads\/2022\/05\/0690269_b-300x200.jpeg 300w, https:\/\/qualityclean.md\/wp-content\/uploads\/2022\/05\/0690269_b-580x386.jpeg 580w\" sizes=\"auto, (max-width: 680px) 100vw, 680px\" \/><\/a><\/figure><div class=\"cmsmasters_post_cont enable_image\"><header class=\"cmsmasters_post_header entry-header\"><h3 class=\"cmsmasters_post_title entry-title\"><a href=\"https:\/\/qualityclean.md\/ro\/curatenie-generala-la-cabane-si-case-dupa-sarbatori-la-balti-si-in-raioane\/\">Cura\u021benie general\u0103 la cabane \u0219i case, dup\u0103 s\u0103rb\u0103tori, la  B\u0103l\u021bi \u0219i \u00een raioane<\/a><\/h3><\/header><div class=\"cmsmasters_post_content entry-content\">\n<p>Cur\u0103\u021benia general\u0103 a unei cabane sau a unei case private presupune cur\u0103\u021benie pe o suprafa\u021b\u0103 mare. Prin urmare, este mai eficient s\u0103 implici o echip\u0103 profesionist\u0103 de clining pentru sarcini dificile care necesit\u0103 for\u021b\u0103 de munc\u0103. Cooperarea cu compania de clining QualityClean \u00een cur\u0103\u021barea unei case sau cabane nu \u00eenseamn\u0103...<\/p>\n<\/div>\n\t\t<\/div>\r\n\t<\/div>\r\n<\/article>\r\n<!-- Finish Post Default Article  -->\r\n\r\n<\/div><div class=\"cmsmasters_wrap_more_posts cmsmasters_wrap_more_items\"><\/div><\/div>\n<\/div><\/div>\n<\/div>\n<\/div>\n<\/div>\n<\/div>\n<\/div>\n\n","protected":false},"excerpt":{"rendered":"Cur\u0103\u021benia general\u0103 a unei cabane sau a unei case private presupune cur\u0103\u021benie pe o suprafa\u021b\u0103 mare. Prin urmare, este mai eficient s\u0103 implici o echip\u0103 profesionist\u0103 de clining pentru sarcini dificile care necesit\u0103 for\u021b\u0103 de munc\u0103. Cooperarea cu compania de clining QualityClean \u00een cur\u0103\u021barea unei case sau cabane nu \u00eenseamn\u0103...","protected":false},"author":1,"featured_media":0,"parent":0,"menu_order":0,"comment_status":"closed","ping_status":"closed","template":"","meta":{"footnotes":""},"class_list":["post-14652","page","type-page","status-publish","hentry"],"aioseo_notices":[],"_links":{"self":[{"href":"https:\/\/qualityclean.md\/ro\/wp-json\/wp\/v2\/pages\/14652","targetHints":{"allow":["GET"]}}],"collection":[{"href":"https:\/\/qualityclean.md\/ro\/wp-json\/wp\/v2\/pages"}],"about":[{"href":"https:\/\/qualityclean.md\/ro\/wp-json\/wp\/v2\/types\/page"}],"author":[{"embeddable":true,"href":"https:\/\/qualityclean.md\/ro\/wp-json\/wp\/v2\/users\/1"}],"replies":[{"embeddable":true,"href":"https:\/\/qualityclean.md\/ro\/wp-json\/wp\/v2\/comments?post=14652"}],"version-history":[{"count":2,"href":"https:\/\/qualityclean.md\/ro\/wp-json\/wp\/v2\/pages\/14652\/revisions"}],"predecessor-version":[{"id":14654,"href":"https:\/\/qualityclean.md\/ro\/wp-json\/wp\/v2\/pages\/14652\/revisions\/14654"}],"wp:attachment":[{"href":"https:\/\/qualityclean.md\/ro\/wp-json\/wp\/v2\/media?parent=14652"}],"curies":[{"name":"wp","href":"https:\/\/api.w.org\/{rel}","templated":true}]}}