{"id":14655,"date":"2022-05-14T18:28:30","date_gmt":"2022-05-14T15:28:30","guid":{"rendered":"https:\/\/qualityclean.md\/?page_id=14655"},"modified":"2023-05-17T13:47:06","modified_gmt":"2023-05-17T10:47:06","slug":"despre-noi","status":"publish","type":"page","link":"https:\/\/qualityclean.md\/ro\/despre-noi\/","title":{"rendered":"Despre noi"},"content":{"rendered":"<div id=\"cmsmasters_row_744230abe5\" class=\"cmsmasters_row cmsmasters_color_scheme_default cmsmasters_row_top_default cmsmasters_row_bot_default cmsmasters_row_boxed\">\n<div class=\"cmsmasters_row_outer_parent\">\n<div class=\"cmsmasters_row_outer\">\n<div class=\"cmsmasters_row_inner\">\n<div class=\"cmsmasters_row_margin\">\n<div id=\"cmsmasters_column_a90f09556a\" class=\"cmsmasters_column one_half\">\n<div class=\"cmsmasters_column_inner\"><div class=\"cmsmasters_img  cmsmasters_image_n\"><img decoding=\"async\" src=\"https:\/\/qualityclean.md\/wp-content\/uploads\/2023\/05\/2761375-17-02-19-1-1080x675-1-1024x640.jpg\" \/><\/div>\n<\/div><\/div>\n<div id=\"cmsmasters_column_6725861f1b\" class=\"cmsmasters_column one_half\">\n<div class=\"cmsmasters_column_inner\"><div id=\"cmsmasters_heading_d1963a3a8c\" class=\"cmsmasters_heading_wrap cmsmasters_heading_align_left\">\n\t<h4 class=\"cmsmasters_heading\">Istorie<\/h4>\n<\/div><div id=\"cmsmasters_heading_0ebc6a86e4\" class=\"cmsmasters_heading_wrap cmsmasters_heading_align_left\">\n\t<h2 class=\"cmsmasters_heading\">Cur\u0103\u021bare profesional\u0103 a covoarelor<\/h2>\n<\/div><div class=\"cmsmasters_text\">\n<p>Echipament tehnic modern, chimie certificat\u0103, angaja\u021bi politico\u0219i.<\/p>\n<\/div>\n<div id=\"cmsmasters_divider_6378cf2d37\" class=\"cl\"><\/div>\n<div id=\"cmsmasters_button_ca7ea1e5cc\" class=\"button_wrap\"><a href=\"https:\/\/qualityclean.md\/ro\/contacte\/\" class=\"cmsmasters_button\"><span>TRIMITE\u021aI CEREREA DVS<\/span><\/a><\/div>\n<\/div><\/div>\n<\/div>\n<\/div>\n<\/div>\n<\/div>\n<\/div>\n<div id=\"cmsmasters_row_c07e46d004\" class=\"cmsmasters_row cmsmasters_color_scheme_default cmsmasters_row_top_default cmsmasters_row_bot_default cmsmasters_row_boxed\">\n<div class=\"cmsmasters_row_outer_parent\">\n<div class=\"cmsmasters_row_outer\">\n<div class=\"cmsmasters_row_inner\">\n<div class=\"cmsmasters_row_margin\">\n<div id=\"cmsmasters_column_7b43a3e047\" class=\"cmsmasters_column one_first\">\n<div class=\"cmsmasters_column_inner\"><div id=\"cmsmasters_counters_a2595a662e\" class=\"cmsmasters_counters counters_type_vertical\"><div class=\"cmsmasters_counter_wrap one_fifth\">\n<div id=\"cmsmasters_counter_4fhaa0u04j\" class=\"cmsmasters_counter\" data-percent=\"100\">\n<div class=\"cmsmasters_counter_inner\">\n<span class=\"cmsmasters_counter_counter_wrap\">\n<span class=\"cmsmasters_counter_prefix\"><\/span><span class=\"cmsmasters_counter_counter\">0<\/span><span class=\"cmsmasters_counter_suffix\">%<\/span>\n<\/span>\n<span class=\"cmsmasters_counter_title\">Calitate<\/span>\n<\/div>\n<\/div>\n<\/div><div class=\"cmsmasters_counter_wrap one_fifth\">\n<div id=\"cmsmasters_counter_5ie7k66zyh\" class=\"cmsmasters_counter\" data-percent=\"480\">\n<div class=\"cmsmasters_counter_inner\">\n<span class=\"cmsmasters_counter_counter_wrap\">\n<span class=\"cmsmasters_counter_prefix\"><\/span><span class=\"cmsmasters_counter_counter\">0<\/span><span class=\"cmsmasters_counter_suffix\"><\/span>\n<\/span>\n<span class=\"cmsmasters_counter_title\">Aplica\u021bii<\/span>\n<\/div>\n<\/div>\n<\/div><div class=\"cmsmasters_counter_wrap one_fifth\">\n<div id=\"cmsmasters_counter_7wfxlnc80b\" class=\"cmsmasters_counter\" data-percent=\"11\">\n<div class=\"cmsmasters_counter_inner\">\n<span class=\"cmsmasters_counter_counter_wrap\">\n<span class=\"cmsmasters_counter_prefix\"><\/span><span class=\"cmsmasters_counter_counter\">0<\/span><span class=\"cmsmasters_counter_suffix\"><\/span>\n<\/span>\n<span class=\"cmsmasters_counter_title\">Angajatii<\/span>\n<\/div>\n<\/div>\n<\/div><div class=\"cmsmasters_counter_wrap one_fifth\">\n<div id=\"cmsmasters_counter_svxvb40hhi\" class=\"cmsmasters_counter\" data-percent=\"2020\">\n<div class=\"cmsmasters_counter_inner\">\n<span class=\"cmsmasters_counter_counter_wrap\">\n<span class=\"cmsmasters_counter_prefix\"><\/span><span class=\"cmsmasters_counter_counter\">0<\/span><span class=\"cmsmasters_counter_suffix\"><\/span>\n<\/span>\n<span class=\"cmsmasters_counter_title\">Lucr\u0103m din<\/span>\n<\/div>\n<\/div>\n<\/div><div class=\"cmsmasters_counter_wrap one_fifth\">\n<div id=\"cmsmasters_counter_hlvusbonmk\" class=\"cmsmasters_counter\" data-percent=\"7856\">\n<div class=\"cmsmasters_counter_inner\">\n<span class=\"cmsmasters_counter_counter_wrap\">\n<span class=\"cmsmasters_counter_prefix\"><\/span><span class=\"cmsmasters_counter_counter\">0<\/span><span class=\"cmsmasters_counter_suffix\"><\/span>\n<\/span>\n<span class=\"cmsmasters_counter_title\">Z\u00e2mbetele donate<\/span>\n<\/div>\n<\/div>\n<\/div><\/div>\n<\/div><\/div>\n<\/div>\n<\/div>\n<\/div>\n<\/div>\n<\/div>\n<div id=\"cmsmasters_row_9572f9f529\" class=\"cmsmasters_row cmsmasters_color_scheme_default cmsmasters_row_top_default cmsmasters_row_bot_default cmsmasters_row_boxed\">\n<div class=\"cmsmasters_row_outer_parent\">\n<div class=\"cmsmasters_row_outer\">\n<div class=\"cmsmasters_row_inner\">\n<div class=\"cmsmasters_row_margin\">\n<div id=\"cmsmasters_column_10a1dc2807\" class=\"cmsmasters_column one_third\">\n<div class=\"cmsmasters_column_inner\"><\/div><\/div>\n<div id=\"cmsmasters_column_4e73543176\" class=\"cmsmasters_column two_third\">\n<div class=\"cmsmasters_column_inner\"><div id=\"cmsmasters_heading_81ac35c1be\" class=\"cmsmasters_heading_wrap cmsmasters_heading_align_left\">\n\t<h4 class=\"cmsmasters_heading\">Suntem bucuro\u0219i s\u0103 v\u0103 vedem<\/h4>\n<\/div><div id=\"cmsmasters_heading_e385229371\" class=\"cmsmasters_heading_wrap cmsmasters_heading_align_left\">\n\t<h2 class=\"cmsmasters_heading\">De ce s\u0103 ne alege\u021bi<\/h2>\n<\/div><div class=\"cmsmasters_text\">\n<p>Cur\u0103\u021benia general\u0103 \u0219i de sprijin a apartamentelor, caselor, birourilor, spa\u021biilor comerciale, cur\u0103\u021benie dup\u0103 repara\u021bii, precum \u0219i tipuri suplimentare de servicii de cur\u0103\u021bare chimic\u0103 a mobilierului, covoarelor, sp\u0103lat vitrine, vitrine.<\/p>\n<\/div>\n<div id=\"cmsmasters_divider_43185f4628\" class=\"cl\"><\/div>\n<\/div><\/div>\n<\/div>\n<\/div>\n<div class=\"cmsmasters_row_inner\">\n<div class=\"cmsmasters_row_margin\">\n<div id=\"cmsmasters_column_f355e0dcc7\" class=\"cmsmasters_column one_third\">\n<div class=\"cmsmasters_column_inner\"><div id=\"cmsmasters_heading_59a7c8eef0\" class=\"cmsmasters_heading_wrap cmsmasters_heading_align_left\">\n\t<h6 class=\"cmsmasters_heading\">Heading<\/h6>\n<\/div><div class=\"cmsmasters_img  cmsmasters_image_n\"><img decoding=\"async\" src=\"https:\/\/qualityclean.md\/wp-content\/uploads\/2023\/05\/discount.png\" \/><\/div>\n<\/div><\/div>\n<div id=\"cmsmasters_column_2641c4a534\" class=\"cmsmasters_column one_third\">\n<div class=\"cmsmasters_column_inner\"><div id=\"cmsmasters_icon_box_8dd8a521c5\" class=\"cmsmasters_icon_box cmsmasters_icon_box_left_top box_icon_type_icon cmsmasters-icon-user-group\">\n<div class=\"icon_box_inner\">\n<h4 class=\"icon_box_heading\">LUCR\u0102M PENTRU REZULTAT<\/h4>\n<div class=\"icon_box_text\">\n<p>Compania noastr\u0103 lucreaz\u0103 pentru rezultate. Nu vom l\u0103sa niciodat\u0103 un client singur cu o problem\u0103.<\/p>\n<\/div>\n<\/div>\n<\/div>\n<div id=\"cmsmasters_divider_b35349f5ea\" class=\"cl\"><\/div>\n<div id=\"cmsmasters_icon_box_6fdf178579\" class=\"cmsmasters_icon_box cmsmasters_icon_box_left_top box_icon_type_icon cmsmasters-icon-wallet-1\">\n<div class=\"icon_box_inner\">\n<h4 class=\"icon_box_heading\">PENTRU PERSOANELE JURIDICE \u0218I PRIVATE<\/h4>\n<div class=\"icon_box_text\">\n<p>Lucr\u0103m oficial \u0219i \u00eencerc\u0103m s\u0103 transform\u0103m fiecare client nou \u00eentr-unul permanent.<\/p>\n<\/div>\n<\/div>\n<\/div>\n<\/div><\/div>\n<div id=\"cmsmasters_column_dce837c655\" class=\"cmsmasters_column one_third\">\n<div class=\"cmsmasters_column_inner\"><div id=\"cmsmasters_icon_box_778e23eccc\" class=\"cmsmasters_icon_box cmsmasters_icon_box_left_top box_icon_type_icon cmsmasters-icon-gift-3\">\n<div class=\"icon_box_inner\">\n<h4 class=\"icon_box_heading\">PROFESIONALISM<\/h4>\n<div class=\"icon_box_text\">\n<p>Echipament tehnic modern, chimie certificat\u0103, angaja\u021bi politico\u0219i.<\/p>\n<\/div>\n<\/div>\n<\/div>\n<div id=\"cmsmasters_divider_756c33c572\" class=\"cl\"><\/div>\n<div id=\"cmsmasters_icon_box_b304b38ac4\" class=\"cmsmasters_icon_box cmsmasters_icon_box_left_top box_icon_type_icon cmsmasters-icon-time\">\n<div class=\"icon_box_inner\">\n<h4 class=\"icon_box_heading\">EFICACITATEA PRELUCR\u0102RII APLICA\u021aIILOR<\/h4>\n<div class=\"icon_box_text\">\n<p>Ne str\u0103duim s\u0103 facem lucr\u0103ri de calitate \u0219i la timp.<\/p>\n<\/div>\n<\/div>\n<\/div>\n<\/div><\/div>\n<\/div>\n<\/div>\n<\/div>\n<\/div>\n<\/div>\n\n","protected":false},"excerpt":{"rendered":"Istorie Cur\u0103\u021bare profesional\u0103 a covoarelor Echipament tehnic modern, chimie certificat\u0103, angaja\u021bi politico\u0219i. TRIMITE\u021aI CEREREA DVS 0% Calitate 0 Aplica\u021bii 0 Angajatii 0 Lucr\u0103m din 0 Z\u00e2mbetele donate Suntem bucuro\u0219i s\u0103 v\u0103 vedem De ce s\u0103 ne alege\u021bi Cur\u0103\u021benia general\u0103 \u0219i de sprijin a apartamentelor, caselor, birourilor, spa\u021biilor comerciale, cur\u0103\u021benie dup\u0103 repara\u021bii, precum \u0219i tipuri suplimentare...","protected":false},"author":1,"featured_media":0,"parent":0,"menu_order":0,"comment_status":"closed","ping_status":"closed","template":"","meta":{"footnotes":""},"class_list":["post-14655","page","type-page","status-publish","hentry"],"aioseo_notices":[],"_links":{"self":[{"href":"https:\/\/qualityclean.md\/ro\/wp-json\/wp\/v2\/pages\/14655","targetHints":{"allow":["GET"]}}],"collection":[{"href":"https:\/\/qualityclean.md\/ro\/wp-json\/wp\/v2\/pages"}],"about":[{"href":"https:\/\/qualityclean.md\/ro\/wp-json\/wp\/v2\/types\/page"}],"author":[{"embeddable":true,"href":"https:\/\/qualityclean.md\/ro\/wp-json\/wp\/v2\/users\/1"}],"replies":[{"embeddable":true,"href":"https:\/\/qualityclean.md\/ro\/wp-json\/wp\/v2\/comments?post=14655"}],"version-history":[{"count":6,"href":"https:\/\/qualityclean.md\/ro\/wp-json\/wp\/v2\/pages\/14655\/revisions"}],"predecessor-version":[{"id":14768,"href":"https:\/\/qualityclean.md\/ro\/wp-json\/wp\/v2\/pages\/14655\/revisions\/14768"}],"wp:attachment":[{"href":"https:\/\/qualityclean.md\/ro\/wp-json\/wp\/v2\/media?parent=14655"}],"curies":[{"name":"wp","href":"https:\/\/api.w.org\/{rel}","templated":true}]}}